{"id":1831,"date":"2024-06-13T10:58:33","date_gmt":"2024-06-13T08:58:33","guid":{"rendered":"https:\/\/zona7.cat\/politica-de-cookies\/"},"modified":"2024-06-13T10:58:33","modified_gmt":"2024-06-13T08:58:33","slug":"politica-de-cookies","status":"publish","type":"page","link":"https:\/\/zona7.cat\/es\/politica-de-cookies\/","title":{"rendered":"Pol\u00edtica de cookies"},"content":{"rendered":"\n<p><\/p>\n\n\n\n<style type=\"text\/css\" data-created_by=\"avia_inline_auto\" id=\"style-css-av-113ir-584a3eda24df9f1edd85250bfc3bae2b\">\n.flex_column.av-113ir-584a3eda24df9f1edd85250bfc3bae2b{\nborder-radius:0px 0px 0px 0px;\npadding:0px 0px 0px 0px;\n}\n<\/style>\n<div  class='flex_column av-113ir-584a3eda24df9f1edd85250bfc3bae2b av_one_full  avia-builder-el-0  avia-builder-el-no-sibling  first flex_column_div av-zero-column-padding  '     ><p>\n<style type=\"text\/css\" data-created_by=\"avia_inline_auto\" id=\"style-css-av-jj8fsul7-f4447940fc2153dcd4cc4ba278f1efb2\">\n#top .av-special-heading.av-jj8fsul7-f4447940fc2153dcd4cc4ba278f1efb2{\npadding-bottom:10px;\n}\nbody .av-special-heading.av-jj8fsul7-f4447940fc2153dcd4cc4ba278f1efb2 .av-special-heading-tag .heading-char{\nfont-size:25px;\n}\n.av-special-heading.av-jj8fsul7-f4447940fc2153dcd4cc4ba278f1efb2 .av-subheading{\nfont-size:15px;\n}\n<\/style>\n<div  class='av-special-heading av-jj8fsul7-f4447940fc2153dcd4cc4ba278f1efb2 av-special-heading-h1 blockquote modern-quote  avia-builder-el-1  el_before_av_textblock  avia-builder-el-first '><h1 class='av-special-heading-tag '  itemprop=\"headline\"  >Pol\u00edtica de cookies<\/h1><div class=\"special-heading-border\"><div class=\"special-heading-inner-border\"><\/div><\/div><\/div><br \/>\n<section  class='av_textblock_section av-jj8ft5xd-6dd34d5f3063b557672cb5ffc339dbbd '   itemscope=\"itemscope\" itemtype=\"https:\/\/schema.org\/CreativeWork\" ><div class='avia_textblock'  itemprop=\"text\" ><h3>\u00bfQu\u00e9 son las cookies?<\/h3>\n<p>Una cookie es un archivo que se descarga en su ordenador al acceder a determinadas p\u00e1ginas web. Las cookies permiten a una p\u00e1gina web, entre otras cosas, almacenar y recuperar informaci\u00f3n sobre h\u00e1bitos de navegaci\u00f3n de un usuario o de su equipo y, dependiendo de la informaci\u00f3n que contengan y de la forma que utilice su equipo, se pueden utilizar para reconocer al usuario.<\/p>\n<h3>\u00bfPara qu\u00e9 utiliza las cookies esta p\u00e1gina web y cu\u00e1les son?<\/h3>\n<p>Esta p\u00e1gina web utiliza las cookies para una serie de finalidades, el detalle de las cookies utilizadas en esta p\u00e1gina web es el siguiente:<\/p>\n<table>\n<tbody>\n<tr>\n<td width=\"79\"><strong>Cookies<\/strong><\/td>\n<td width=\"62\"><strong>Nombre<\/strong><\/td>\n<td width=\"69\"><strong>Tipo<\/strong><\/td>\n<td width=\"339\"><strong>Prop\u00f3sito<\/strong><\/td>\n<td width=\"123\"><strong>M\u00e1s informaci\u00f3n<\/strong><\/td>\n<\/tr>\n<tr>\n<td width=\"79\">_ga<\/td>\n<td width=\"62\">Google Analytics<\/td>\n<td width=\"69\">de terceros<\/td>\n<td width=\"339\">Este nombre de la cookie est\u00e1 asociado a Google Universal Analytics, que es una actualizaci\u00f3n significativa del servicio de an\u00e1lisis de Google m\u00e1s utilizado. Esta cookie se utiliza para distinguir a usuarios \u00fanicos asignando un n\u00famero generado aleatoriamente como identificador del cliente. Se incluye en cada solicitud de p\u00e1gina de un sitio y se utiliza para calcular los datos de visitantes, sesiones y campa\u00f1as para los informes de an\u00e1lisis de sitios. De forma predeterminada, \u00e9sta caducar\u00e1 despu\u00e9s de 2 a\u00f1os, aunque \u00e9sta sea personalizable por los propietarios del sitio web.<\/td>\n<td width=\"123\"><a href=\"https:\/\/marketingplatform.google.com\/about\/analytics\/\">https:\/\/marketingplatform.google.com\/about\/analytics\/<\/a><\/td>\n<\/tr>\n<tr>\n<td width=\"79\">_gid<\/td>\n<td width=\"62\">Google Analytics<\/td>\n<td width=\"69\">de terceros<\/td>\n<td width=\"339\">Este nombre de la cookie est\u00e1 asociado a Google Universal Analytics. \u00c9sta es una nueva cookie que almacena y actualiza un valor \u00fanico para cada p\u00e1gina visitada.<\/td>\n<td width=\"123\"><a href=\"https:\/\/marketingplatform.google.com\/about\/analytics\/\">https:\/\/marketingplatform.google.com\/about\/analytics\/<\/a><\/td>\n<\/tr>\n<tr>\n<td width=\"79\">_gato<\/td>\n<td width=\"62\">Google Analytics<\/td>\n<td width=\"69\">de terceros<\/td>\n<td width=\"339\">Cookie asociada a Google Universal Analytics, se utiliza para acelerar el porcentaje de solicitudes, limitando la recopilaci\u00f3n de datos a los sitios de tr\u00e1fico elevados. Vence despu\u00e9s de 10 minutos.<\/td>\n<td width=\"123\"><a href=\"https:\/\/marketingplatform.google.com\/about\/analytics\/\">https:\/\/marketingplatform.google.com\/about\/analytics\/<\/a><\/td>\n<\/tr>\n<tr>\n<td width=\"79\">240planD<\/td>\n<td width=\"62\">240planD<\/td>\n<td width=\"69\">propia<\/td>\n<td width=\"339\">\u00c9sta es una cookie t\u00e9cnica cuyo uso es espec\u00edfico para nuestro host OVH Roubaix y permite, entre otras cosas, garantizar la distribuci\u00f3n de la carga en servidores.<\/td>\n<td width=\"123\"><\/td>\n<\/tr>\n<tr>\n<td width=\"79\">PHPSESSID<\/td>\n<td width=\"62\">PHPSESSID<\/td>\n<td width=\"69\">propia<\/td>\n<td width=\"339\">Cookie generada por aplicaciones basadas en el lenguaje PHP. \u00c9ste es un identificador de prop\u00f3sito general utilizado para mantener las variables de sesi\u00f3n del usuario. Normalmente es un n\u00famero generado aleatoriamente, la forma en que se utiliza puede ser espec\u00edfica del sitio, pero un ejemplo com\u00fan es el de mantener un estado de usuario registrado de un usuario entre p\u00e1ginas.<\/td>\n<td width=\"123\"><a href=\"http:\/\/php.net\/manual\/en\/function.session-id.php\">http:\/\/php.net\/manual\/en\/function.session-id.php<\/a><\/td>\n<\/tr>\n<tr>\n<td width=\"79\">aviaCookieConsent<\/td>\n<td width=\"62\"> aviaCookieConsent<\/td>\n<td width=\"69\">propia<\/td>\n<td width=\"339\">Cookie que almacena la aceptaci\u00f3n o no del usuario a continuar navegando en la p\u00e1gina web.<\/td>\n<td width=\"123\"><\/td>\n<\/tr>\n<tr>\n<td width=\"79\">wordpress_test_cookie<\/td>\n<td width=\"62\">wordpress_test_cookie<\/td>\n<td width=\"69\">propia<\/td>\n<td width=\"339\">Esta cookie se utiliza para que el gestor de contenidos WordPress compruebe si su navegador tiene las cookies activadas<\/td>\n<td width=\"123\"><\/td>\n<\/tr>\n<tr>\n<td width=\"79\">wordpress_logged_in_<\/td>\n<td width=\"62\">wordpress_logged_in_<\/td>\n<td width=\"69\">propia<\/td>\n<td width=\"339\">Despu\u00e9s del loggin, WordPress activa la cookie wordpress_logged_in_, la funci\u00f3n es indicar cu\u00e1ndo se ha conectado y qui\u00e9n es, siendo utilizado por la interfaz de WordPress.<\/td>\n<td width=\"123\"><\/td>\n<\/tr>\n<tr>\n<td width=\"79\">wp-settings-time-X, wp-settings-X<\/td>\n<td width=\"62\">wp-settings-time-X, wp-settings-X<\/td>\n<td width=\"69\">propia<\/td>\n<td width=\"339\">Estas cookies son utilizadas por WordPress para personalizar la interfaz de usuario.<\/td>\n<td width=\"123\"><\/td>\n<\/tr>\n<\/tbody>\n<\/table>\n<p>Nota: Las cookies de tipo &#8216;propias&#8217; son utilizadas s\u00f3lo por el propietario de esta web y las cookies &#8216;De terceros&#8217; son utilizadas, por el prestador del servicio que est\u00e1 detallado en el cuadro anterior.<\/p>\n<h4>\u00bfC\u00f3mo puedo desactivar o eliminar estas cookies?<\/h4>\n<p>Puede usted permitir, bloquear o eliminar las cookies instaladas en su equipo mediante la configuraci\u00f3n de las opciones del navegador instalado en su ordenador:<\/p>\n<ul>\n<li>Firefox: <a href=\"http:\/\/support.mozilla.org\/es\/kb\/habilitar-y-deshabilitar-cookies-que-los-sitios-we\">http:\/\/support.mozilla.org\/es\/kb\/habilitar-y-deshabilitar-cookies-que-los-sitios-we<\/a><\/li>\n<li>Chrome: <a href=\"http:\/\/support.google.com\/chrome\/bin\/answer.py?hl=es&amp;answer=95647\">http:\/\/support.google.com\/chrome\/bin\/answer.py?hl=es&amp;answer=95647<\/a><\/li>\n<li>Explorer: <a href=\"http:\/\/windows.microsoft.com\/es-es\/windows7\/how-to-manage-cookies-in-internet-explorer-9\">http:\/\/windows.microsoft.com\/es-es\/windows7\/how-to-manage-cookies-in-internet-explorer-9<\/a><\/li>\n<li>Safari: <a href=\"http:\/\/support.apple.com\/kb\/ph5042\">http:\/\/support.apple.com\/kb\/ph5042<\/a><\/li>\n<li>Opera: <a href=\"https:\/\/www.opera.com\/help\/tutorials\/security\/privacy\">https:\/\/www.opera.com\/help\/tutorials\/security\/privacy<\/a><\/li>\n<li>Otros navegadores: Consulte la documentaci\u00f3n del navegador que tenga instalado.<\/li>\n<\/ul>\n<h4>Complemento de inhabilitaci\u00f3n para navegadores de Google Analytics<\/h4>\n<p>Si desea rechazar las cookies anal\u00edticas de Google Analytics en todos los navegadores, de modo que no se env\u00ede su informaci\u00f3n a Google Analytics, puede descargar un complemento que realiza esta funci\u00f3n desde este enlace: <a href=\"https:\/\/tools.google.com\/dlpage\/gaoptout\">https:\/\/tools.google.com \/dlpage\/gaoptout<\/a> .<\/p>\n<\/div><\/section><\/p><\/div>\n","protected":false},"excerpt":{"rendered":"","protected":false},"author":3,"featured_media":0,"parent":0,"menu_order":0,"comment_status":"closed","ping_status":"closed","template":"","meta":{"footnotes":""},"class_list":["post-1831","page","type-page","status-publish","hentry"],"yoast_head":"<!-- This site is optimized with the Yoast SEO plugin v27.3 - https:\/\/yoast.com\/product\/yoast-seo-wordpress\/ -->\n<title>Pol\u00edtica de cookies - Zona 7<\/title>\n<meta name=\"robots\" content=\"index, follow, max-snippet:-1, max-image-preview:large, max-video-preview:-1\" \/>\n<link rel=\"canonical\" href=\"https:\/\/zona7.cat\/politica-de-cookies\/\" \/>\n<meta property=\"og:locale\" content=\"es_ES\" \/>\n<meta property=\"og:type\" content=\"article\" \/>\n<meta property=\"og:title\" content=\"Pol\u00edtica de cookies - Zona 7\" \/>\n<meta property=\"og:url\" content=\"https:\/\/zona7.cat\/politica-de-cookies\/\" \/>\n<meta property=\"og:site_name\" content=\"Zona 7\" \/>\n<meta name=\"twitter:card\" content=\"summary_large_image\" \/>\n<meta name=\"twitter:label1\" content=\"Tiempo de lectura\" \/>\n\t<meta name=\"twitter:data1\" content=\"5 minutos\" \/>\n<script type=\"application\/ld+json\" class=\"yoast-schema-graph\">{\"@context\":\"https:\\\/\\\/schema.org\",\"@graph\":[{\"@type\":\"WebPage\",\"@id\":\"https:\\\/\\\/zona7.cat\\\/politica-de-cookies\\\/\",\"url\":\"https:\\\/\\\/zona7.cat\\\/politica-de-cookies\\\/\",\"name\":\"Pol\u00edtica de cookies - Zona 7\",\"isPartOf\":{\"@id\":\"https:\\\/\\\/zona7.cat\\\/#website\"},\"datePublished\":\"2024-06-13T08:58:33+00:00\",\"breadcrumb\":{\"@id\":\"https:\\\/\\\/zona7.cat\\\/politica-de-cookies\\\/#breadcrumb\"},\"inLanguage\":\"es\",\"potentialAction\":[{\"@type\":\"ReadAction\",\"target\":[\"https:\\\/\\\/zona7.cat\\\/politica-de-cookies\\\/\"]}]},{\"@type\":\"BreadcrumbList\",\"@id\":\"https:\\\/\\\/zona7.cat\\\/politica-de-cookies\\\/#breadcrumb\",\"itemListElement\":[{\"@type\":\"ListItem\",\"position\":1,\"name\":\"Inici\",\"item\":\"https:\\\/\\\/zona7.cat\\\/es\\\/\"},{\"@type\":\"ListItem\",\"position\":2,\"name\":\"Pol\u00edtica de cookies\"}]},{\"@type\":\"WebSite\",\"@id\":\"https:\\\/\\\/zona7.cat\\\/#website\",\"url\":\"https:\\\/\\\/zona7.cat\\\/\",\"name\":\"Zona 7\",\"description\":\"Entrenament personalitzats per arribar a la teva meta\",\"potentialAction\":[{\"@type\":\"SearchAction\",\"target\":{\"@type\":\"EntryPoint\",\"urlTemplate\":\"https:\\\/\\\/zona7.cat\\\/?s={search_term_string}\"},\"query-input\":{\"@type\":\"PropertyValueSpecification\",\"valueRequired\":true,\"valueName\":\"search_term_string\"}}],\"inLanguage\":\"es\"}]}<\/script>\n<!-- \/ Yoast SEO plugin. -->","yoast_head_json":{"title":"Pol\u00edtica de cookies - Zona 7","robots":{"index":"index","follow":"follow","max-snippet":"max-snippet:-1","max-image-preview":"max-image-preview:large","max-video-preview":"max-video-preview:-1"},"canonical":"https:\/\/zona7.cat\/politica-de-cookies\/","og_locale":"es_ES","og_type":"article","og_title":"Pol\u00edtica de cookies - Zona 7","og_url":"https:\/\/zona7.cat\/politica-de-cookies\/","og_site_name":"Zona 7","twitter_card":"summary_large_image","twitter_misc":{"Tiempo de lectura":"5 minutos"},"schema":{"@context":"https:\/\/schema.org","@graph":[{"@type":"WebPage","@id":"https:\/\/zona7.cat\/politica-de-cookies\/","url":"https:\/\/zona7.cat\/politica-de-cookies\/","name":"Pol\u00edtica de cookies - Zona 7","isPartOf":{"@id":"https:\/\/zona7.cat\/#website"},"datePublished":"2024-06-13T08:58:33+00:00","breadcrumb":{"@id":"https:\/\/zona7.cat\/politica-de-cookies\/#breadcrumb"},"inLanguage":"es","potentialAction":[{"@type":"ReadAction","target":["https:\/\/zona7.cat\/politica-de-cookies\/"]}]},{"@type":"BreadcrumbList","@id":"https:\/\/zona7.cat\/politica-de-cookies\/#breadcrumb","itemListElement":[{"@type":"ListItem","position":1,"name":"Inici","item":"https:\/\/zona7.cat\/es\/"},{"@type":"ListItem","position":2,"name":"Pol\u00edtica de cookies"}]},{"@type":"WebSite","@id":"https:\/\/zona7.cat\/#website","url":"https:\/\/zona7.cat\/","name":"Zona 7","description":"Entrenament personalitzats per arribar a la teva meta","potentialAction":[{"@type":"SearchAction","target":{"@type":"EntryPoint","urlTemplate":"https:\/\/zona7.cat\/?s={search_term_string}"},"query-input":{"@type":"PropertyValueSpecification","valueRequired":true,"valueName":"search_term_string"}}],"inLanguage":"es"}]}},"_links":{"self":[{"href":"https:\/\/zona7.cat\/es\/wp-json\/wp\/v2\/pages\/1831","targetHints":{"allow":["GET"]}}],"collection":[{"href":"https:\/\/zona7.cat\/es\/wp-json\/wp\/v2\/pages"}],"about":[{"href":"https:\/\/zona7.cat\/es\/wp-json\/wp\/v2\/types\/page"}],"author":[{"embeddable":true,"href":"https:\/\/zona7.cat\/es\/wp-json\/wp\/v2\/users\/3"}],"replies":[{"embeddable":true,"href":"https:\/\/zona7.cat\/es\/wp-json\/wp\/v2\/comments?post=1831"}],"version-history":[{"count":0,"href":"https:\/\/zona7.cat\/es\/wp-json\/wp\/v2\/pages\/1831\/revisions"}],"wp:attachment":[{"href":"https:\/\/zona7.cat\/es\/wp-json\/wp\/v2\/media?parent=1831"}],"curies":[{"name":"wp","href":"https:\/\/api.w.org\/{rel}","templated":true}]}}